{"id":38,"date":"2010-11-05T13:02:36","date_gmt":"2010-11-05T12:02:36","guid":{"rendered":"http:\/\/30gon.pl\/index.php\/"},"modified":"2015-05-05T10:20:14","modified_gmt":"2015-05-05T09:20:14","slug":"galeria","status":"publish","type":"page","link":"http:\/\/30gon.pl\/index.php\/galeria\/","title":{"rendered":"Galeria"},"content":{"rendered":"<p><strong>2011-08-28 ZAWODY O PUCHAR STAROSTY MI\u0118DZYRZCKIEGO <a href=\"http:\/\/30gon.pl\/?p=1652\" target=\"_blank\">(galeria)<\/a><\/strong><\/p>\n<p><a href=\"http:\/\/30gon.pl\/wp-content\/uploads\/2015\/05\/XIII-Powiatowe_zawody_w_strzelaniach_my\u015bliwskich_o_puchar_przechodni_starosty_powiatu_mi\u0119dzyrzecz-20150505-65.jpg\"><img loading=\"lazy\" class=\"aligncenter size-medium wp-image-1356\" src=\"http:\/\/30gon.pl\/wp-content\/uploads\/2015\/05\/XIII-Powiatowe_zawody_w_strzelaniach_my\u015bliwskich_o_puchar_przechodni_starosty_powiatu_mi\u0119dzyrzecz-20150505-65-300x225.jpg\" alt=\"XIII-Powiatowe_zawody_w_strzelaniach_my\u015bliwskich_o_puchar_przechodni_starosty_powiatu_mi\u0119dzyrzecz-20150505-65\" width=\"300\" height=\"225\" srcset=\"http:\/\/30gon.pl\/wp-content\/uploads\/2015\/05\/XIII-Powiatowe_zawody_w_strzelaniach_my\u015bliwskich_o_puchar_przechodni_starosty_powiatu_mi\u0119dzyrzecz-20150505-65-300x225.jpg 300w, http:\/\/30gon.pl\/wp-content\/uploads\/2015\/05\/XIII-Powiatowe_zawody_w_strzelaniach_my\u015bliwskich_o_puchar_przechodni_starosty_powiatu_mi\u0119dzyrzecz-20150505-65.jpg 448w\" sizes=\"(max-width: 300px) 100vw, 300px\" \/><\/a><\/p>\n<p>&nbsp;<\/p>\n<p>&nbsp;<\/p>\n<p><strong>2011-03-13 KOLEJNE WSIEDLENIE BA\u017bANT\u00d3W <a href=\"http:\/\/30gon.pl\/?p=1727\" target=\"_blank\">(galeria)<\/a><br \/>\n<\/strong><\/p>\n<p>W ostatnim miesi\u0105cu mia\u0142o miejsce wsiedlenie ba\u017cant\u00f3w na terenie naszego obowodu w okolicach Pszczewa. Poni\u017cej kilka zdj\u0119\u0107 z tego wydarzenia.<br \/>\n<a href=\"http:\/\/30gon.pl\/wp-content\/uploads\/2015\/05\/2011-Wsiedlenie_ba\u017cant\u00f3w-9.jpg\"><img loading=\"lazy\" class=\"aligncenter size-medium wp-image-1277\" src=\"http:\/\/30gon.pl\/wp-content\/uploads\/2015\/05\/2011-Wsiedlenie_ba\u017cant\u00f3w-9-300x225.jpg\" alt=\"2011-Wsiedlenie_ba\u017cant\u00f3w-9\" width=\"300\" height=\"225\" srcset=\"http:\/\/30gon.pl\/wp-content\/uploads\/2015\/05\/2011-Wsiedlenie_ba\u017cant\u00f3w-9-300x225.jpg 300w, http:\/\/30gon.pl\/wp-content\/uploads\/2015\/05\/2011-Wsiedlenie_ba\u017cant\u00f3w-9.jpg 800w\" sizes=\"(max-width: 300px) 100vw, 300px\" \/><\/a><\/p>\n","protected":false},"excerpt":{"rendered":"<p>2011-08-28 ZAWODY O PUCHAR STAROSTY MI\u0118DZYRZCKIEGO (galeria) &nbsp; &nbsp; 2011-03-13 KOLEJNE WSIEDLENIE BA\u017bANT\u00d3W (galeria) W ostatnim miesi\u0105cu mia\u0142o miejsce wsiedlenie ba\u017cant\u00f3w na terenie naszego obowodu w okolicach Pszczewa. Poni\u017cej kilka zdj\u0119\u0107 z tego wydarzenia.<\/p>\n","protected":false},"author":1,"featured_media":0,"parent":0,"menu_order":3,"comment_status":"closed","ping_status":"closed","template":"","meta":[],"_links":{"self":[{"href":"http:\/\/30gon.pl\/index.php\/wp-json\/wp\/v2\/pages\/38"}],"collection":[{"href":"http:\/\/30gon.pl\/index.php\/wp-json\/wp\/v2\/pages"}],"about":[{"href":"http:\/\/30gon.pl\/index.php\/wp-json\/wp\/v2\/types\/page"}],"author":[{"embeddable":true,"href":"http:\/\/30gon.pl\/index.php\/wp-json\/wp\/v2\/users\/1"}],"replies":[{"embeddable":true,"href":"http:\/\/30gon.pl\/index.php\/wp-json\/wp\/v2\/comments?post=38"}],"version-history":[{"count":67,"href":"http:\/\/30gon.pl\/index.php\/wp-json\/wp\/v2\/pages\/38\/revisions"}],"predecessor-version":[{"id":1739,"href":"http:\/\/30gon.pl\/index.php\/wp-json\/wp\/v2\/pages\/38\/revisions\/1739"}],"wp:attachment":[{"href":"http:\/\/30gon.pl\/index.php\/wp-json\/wp\/v2\/media?parent=38"}],"curies":[{"name":"wp","href":"https:\/\/api.w.org\/{rel}","templated":true}]}}