{"id":147,"date":"2011-04-14T17:27:47","date_gmt":"2011-04-14T16:27:47","guid":{"rendered":"http:\/\/30gon.pl\/?page_id=147"},"modified":"2011-04-15T22:58:29","modified_gmt":"2011-04-15T21:58:29","slug":"zarzad","status":"publish","type":"page","link":"http:\/\/30gon.pl\/index.php\/about\/zarzad\/","title":{"rendered":"Zarz\u0105d"},"content":{"rendered":"<p><span style=\"font-size: 16px; font-family: Georgia, 'Bitstream Charter', serif; line-height: 24px;\"><em>Prezes Ko\u0142a<\/em> \u2013 <strong>Stefan Feder<\/strong><\/span><\/p>\n<p><span style=\"font-size: 16px; font-family: Georgia, 'Bitstream Charter', serif; line-height: 24px;\"><em>\u0141owczy Ko\u0142a<\/em> \u2013 <strong>Roman D\u0119bina<\/strong><\/span><\/p>\n<p><span style=\"font-size: 16px; font-family: Georgia, 'Bitstream Charter', serif; line-height: 24px;\"><em>Skarbnik Ko\u0142a<\/em> \u2013 <strong>Krzysztof Bober<\/strong><\/span><\/p>\n<p><span style=\"font-size: 16px; font-family: Georgia, 'Bitstream Charter', serif; line-height: 24px;\"><strong><\/strong><\/span><em>Sekretarz Ko\u0142a<\/em> \u2013 <strong>Piotr Mitkowski<\/strong><\/p>\n<p><strong><\/strong><em>Stra\u017cnik \u0141owiecki Ko\u0142a<\/em> &#8211; <strong>Henryk Poszwald<\/strong><\/p>\n<p><strong><\/strong><em>Gospodarz Obwodu \u0141owieckiego<\/em> \u2013 <strong>Grzegorz Scheffs<\/strong><\/p>\n","protected":false},"excerpt":{"rendered":"<p>Prezes Ko\u0142a \u2013 Stefan Feder \u0141owczy Ko\u0142a \u2013 Roman D\u0119bina Skarbnik Ko\u0142a \u2013 Krzysztof Bober Sekretarz Ko\u0142a \u2013 Piotr Mitkowski Stra\u017cnik \u0141owiecki Ko\u0142a &#8211; Henryk Poszwald Gospodarz Obwodu \u0141owieckiego \u2013 Grzegorz Scheffs<\/p>\n","protected":false},"author":2,"featured_media":0,"parent":2,"menu_order":0,"comment_status":"closed","ping_status":"closed","template":"","meta":[],"_links":{"self":[{"href":"http:\/\/30gon.pl\/index.php\/wp-json\/wp\/v2\/pages\/147"}],"collection":[{"href":"http:\/\/30gon.pl\/index.php\/wp-json\/wp\/v2\/pages"}],"about":[{"href":"http:\/\/30gon.pl\/index.php\/wp-json\/wp\/v2\/types\/page"}],"author":[{"embeddable":true,"href":"http:\/\/30gon.pl\/index.php\/wp-json\/wp\/v2\/users\/2"}],"replies":[{"embeddable":true,"href":"http:\/\/30gon.pl\/index.php\/wp-json\/wp\/v2\/comments?post=147"}],"version-history":[{"count":2,"href":"http:\/\/30gon.pl\/index.php\/wp-json\/wp\/v2\/pages\/147\/revisions"}],"predecessor-version":[{"id":159,"href":"http:\/\/30gon.pl\/index.php\/wp-json\/wp\/v2\/pages\/147\/revisions\/159"}],"up":[{"embeddable":true,"href":"http:\/\/30gon.pl\/index.php\/wp-json\/wp\/v2\/pages\/2"}],"wp:attachment":[{"href":"http:\/\/30gon.pl\/index.php\/wp-json\/wp\/v2\/media?parent=147"}],"curies":[{"name":"wp","href":"https:\/\/api.w.org\/{rel}","templated":true}]}}